{"id":11555,"date":"2022-04-08T10:55:54","date_gmt":"2022-04-08T13:55:54","guid":{"rendered":"https:\/\/enredo.com.br\/?page_id=11555"},"modified":"2024-02-09T11:04:25","modified_gmt":"2024-02-09T14:04:25","slug":"obrigado","status":"publish","type":"page","link":"https:\/\/enredo.com.br\/en\/obrigado\/","title":{"rendered":"Obrigado"},"content":{"rendered":"<section class=\"wp-block-group alignfull has-branco-color has-verde-dark-background-color has-text-color has-background has-link-color wp-elements-8fe3fb6fcdcfe372566256951878d492 is-layout-constrained wp-container-core-group-is-layout-1 wp-block-group-is-layout-constrained\" style=\"padding-top:7em;padding-right:var(--wp--preset--spacing--60);padding-bottom:7em;padding-left:var(--wp--preset--spacing--60)\">\n<div class=\"wp-block-columns alignwide is-layout-flex wp-container-core-columns-is-layout-1 wp-block-columns-is-layout-flex\">\n<div class=\"wp-block-column is-layout-flow wp-block-column-is-layout-flow\">\n<h1 class=\"wp-block-heading line has-sang-bleu-empire-font-family\" style=\"padding-bottom:3rem\"><em>Thank you for<br>register!<\/em><\/h1>\n\n\n\n<h3 class=\"wp-block-heading has-euclid-square-font-family has-large-font-size\" style=\"padding-bottom:1rem;font-style:normal;font-weight:200\">You've taken the first step towards changing your brand's history.<\/h3>\n\n\n\n<p class=\"has-euclid-square-font-family\" style=\"font-style:normal;font-weight:100;line-height:1.5\">Our team will contact you shortly.<\/p>\n<\/div>\n\n\n\n<div class=\"wp-block-column is-layout-flow wp-block-column-is-layout-flow\" style=\"padding-top:var(--wp--preset--spacing--60);padding-right:var(--wp--preset--spacing--60);padding-bottom:var(--wp--preset--spacing--60);padding-left:var(--wp--preset--spacing--60)\"><\/div>\n<\/div>\n<\/section>","protected":false},"excerpt":{"rendered":"<p>Obrigado porse cadastrar! Voc\u00ea deu o primeiro passo para mudar a hist\u00f3ria da sua marca. Em breve nosso time entrar\u00e1 em contato com voc\u00ea.<\/p>","protected":false},"author":225,"featured_media":0,"parent":0,"menu_order":0,"comment_status":"closed","ping_status":"closed","template":"","meta":{"_acf_changed":false,"footnotes":""},"class_list":["post-11555","page","type-page","status-publish","hentry"],"acf":[],"_links":{"self":[{"href":"https:\/\/enredo.com.br\/en\/wp-json\/wp\/v2\/pages\/11555","targetHints":{"allow":["GET"]}}],"collection":[{"href":"https:\/\/enredo.com.br\/en\/wp-json\/wp\/v2\/pages"}],"about":[{"href":"https:\/\/enredo.com.br\/en\/wp-json\/wp\/v2\/types\/page"}],"author":[{"embeddable":true,"href":"https:\/\/enredo.com.br\/en\/wp-json\/wp\/v2\/users\/225"}],"replies":[{"embeddable":true,"href":"https:\/\/enredo.com.br\/en\/wp-json\/wp\/v2\/comments?post=11555"}],"version-history":[{"count":83,"href":"https:\/\/enredo.com.br\/en\/wp-json\/wp\/v2\/pages\/11555\/revisions"}],"predecessor-version":[{"id":18947,"href":"https:\/\/enredo.com.br\/en\/wp-json\/wp\/v2\/pages\/11555\/revisions\/18947"}],"wp:attachment":[{"href":"https:\/\/enredo.com.br\/en\/wp-json\/wp\/v2\/media?parent=11555"}],"curies":[{"name":"wp","href":"https:\/\/api.w.org\/{rel}","templated":true}]}}