{"id":20664,"date":"2025-01-27T17:39:55","date_gmt":"2025-01-27T20:39:55","guid":{"rendered":"https:\/\/enredo.com.br\/?page_id=20664"},"modified":"2025-10-09T15:38:43","modified_gmt":"2025-10-09T18:38:43","slug":"premios","status":"publish","type":"page","link":"https:\/\/enredo.com.br\/en\/premios\/","title":{"rendered":"Awards"},"content":{"rendered":"<section class=\"wp-block-group alignfull has-branco-color has-preto-background-color has-text-color has-background has-link-color wp-elements-0715e2421b4871bdbf15f6c95331086a is-layout-flow wp-block-group-is-layout-flow\" style=\"margin-top:0;margin-bottom:0;padding-top:7rem;padding-right:2rem;padding-bottom:7rem;padding-left:2rem\">\n<div class=\"wp-block-cover alignfull has-branco-color has-text-color has-link-color wp-elements-e983da02e16a06cc0045b9849f320bf5 has-aspect-ratio\" style=\"padding-top:7rem;padding-bottom:7rem;aspect-ratio:auto;min-height:unset;\"><span aria-hidden=\"true\" class=\"wp-block-cover__background has-preto-background-color has-background-dim-60 has-background-dim\"><\/span><video class=\"wp-block-cover__video-background intrinsic-ignore\" autoplay muted loop playsinline src=\"https:\/\/enredo.com.br\/wp-content\/uploads\/2025\/02\/backgroudEnredocomprimido.mp4\" style=\"object-position:51% 54%\" data-object-fit=\"cover\" data-object-position=\"51% 54%\"><\/video><div class=\"wp-block-cover__inner-container is-layout-flow wp-block-cover-is-layout-flow\">\n<div class=\"wp-block-columns alignwide is-layout-flex wp-container-core-columns-is-layout-1 wp-block-columns-is-layout-flex\" style=\"margin-top:0;margin-bottom:0;padding-right:0px;padding-bottom:var(--wp--preset--spacing--60);padding-left:0px\">\n<div class=\"wp-block-column is-vertically-aligned-center is-layout-flow wp-block-column-is-layout-flow\" style=\"padding-top:var(--wp--preset--spacing--60);padding-right:0;padding-bottom:var(--wp--preset--spacing--60);padding-left:0;flex-basis:50%\">\n<h4 class=\"wp-block-heading line has-branco-color has-text-color\">Awards<\/h4>\n\n\n\n<h1 class=\"wp-block-heading line\" style=\"line-height:1.1\">Our projects make history.<\/h1>\n\n\n\n<p style=\"padding-top:var(--wp--preset--spacing--30);line-height:1.3\">Nos \u00faltimos anos conquistamos v\u00e1rios dos pr\u00eamios mais <br>importantes do nosso mercado no Brasil e no mundo<\/p>\n<\/div>\n<\/div>\n\n\n\n<div class=\"wp-block-gutsliders-any-content alignfull gutslider-6d228f02 nav_inside nav_cc hidden\" data-swiper-options=\"{&quot;slidesPerView&quot;:1,&quot;spaceBetween&quot;:0,&quot;loop&quot;:true,&quot;autoplay&quot;:{&quot;delay&quot;:100,&quot;pauseOnMouseEnter&quot;:false,&quot;stopOnLastSlide&quot;:false,&quot;reverseDirection&quot;:false},&quot;speed&quot;:10000,&quot;effect&quot;:&quot;slide&quot;,&quot;creativeEffect&quot;:{&quot;prev&quot;:{&quot;shadow&quot;:true,&quot;translate&quot;:[&quot;-20%&quot;,0,-1]},&quot;next&quot;:{&quot;translate&quot;:[&quot;100%&quot;,0,0]}},&quot;keyboard&quot;:{&quot;enabled&quot;:false},&quot;mousewheel&quot;:false,&quot;breakpoints&quot;:{&quot;320&quot;:{&quot;slidesPerView&quot;:1,&quot;spaceBetween&quot;:0},&quot;768&quot;:{&quot;slidesPerView&quot;:2,&quot;spaceBetween&quot;:15},&quot;1025&quot;:{&quot;slidesPerView&quot;:&quot;3&quot;,&quot;spaceBetween&quot;:20}},&quot;navigation&quot;:false,&quot;pagination&quot;:false}\"><div class=\"swiper\"><div class=\"swiper-wrapper\">\n<div class=\"wp-block-gutsliders-slide swiper-slide\"><div class=\"swiper-container-outer\" style=\"background-color:;background-image:url();background-size:cover;background-position:50% 50%;background-repeat:no-repeat\"><div class=\"gutslider-content-inner\">\n<div class=\"wp-block-columns are-vertically-aligned-bottom is-not-stacked-on-mobile is-layout-flex wp-container-core-columns-is-layout-2 wp-block-columns-is-layout-flex\">\n<div class=\"wp-block-column is-vertically-aligned-bottom is-layout-flow wp-block-column-is-layout-flow\">\n<h2 class=\"wp-block-heading line has-euclid-square-font-family\" style=\"font-size:clamp(17.905px, 1.119rem + ((1vw - 3.2px) * 1.065), 28px);\">Brasil Design Awards<\/h2>\n\n\n\n<h1 class=\"wp-block-heading line has-sang-bleu-empire-font-family\" style=\"font-size:clamp(50.171px, 3.136rem + ((1vw - 3.2px) * 5.256), 100px);\"><em>30<\/em><\/h1>\n\n\n\n<p class=\"has-euclid-square-font-family has-medium-font-size\">Awards<\/p>\n<\/div>\n\n\n\n<div class=\"wp-block-column is-vertically-aligned-bottom is-layout-flow wp-block-column-is-layout-flow\">\n<figure class=\"wp-block-image size-full is-resized\"><img loading=\"lazy\" decoding=\"async\" width=\"130\" height=\"300\" src=\"https:\/\/enredo.com.br\/wp-content\/uploads\/2025\/01\/Premio-popai.png\" alt=\"\" class=\"wp-image-20886\" style=\"width:auto;height:200px\" srcset=\"https:\/\/enredo.com.br\/wp-content\/uploads\/2025\/01\/Premio-popai.png 130w, https:\/\/enredo.com.br\/wp-content\/uploads\/2025\/01\/Premio-popai-5x12.png 5w\" sizes=\"auto, (max-width: 130px) 100vw, 130px\" \/><\/figure>\n<\/div>\n<\/div>\n<\/div><\/div><\/div>\n\n\n\n<div class=\"wp-block-gutsliders-slide swiper-slide\"><div class=\"swiper-container-outer\" style=\"background-color:;background-image:url();background-size:cover;background-position:50% 50%;background-repeat:no-repeat\"><div class=\"gutslider-content-inner\">\n<div class=\"wp-block-columns are-vertically-aligned-bottom is-not-stacked-on-mobile is-layout-flex wp-container-core-columns-is-layout-3 wp-block-columns-is-layout-flex\">\n<div class=\"wp-block-column is-vertically-aligned-bottom is-layout-flow wp-block-column-is-layout-flow\">\n<h2 class=\"wp-block-heading line has-euclid-square-font-family\" style=\"font-size:clamp(17.905px, 1.119rem + ((1vw - 3.2px) * 1.065), 28px);\">Popai<\/h2>\n\n\n\n<h1 class=\"wp-block-heading line has-sang-bleu-empire-font-family\" style=\"font-size:clamp(50.171px, 3.136rem + ((1vw - 3.2px) * 5.256), 100px);\"><em>22<\/em><\/h1>\n\n\n\n<p class=\"has-euclid-square-font-family has-medium-font-size\">Awards<\/p>\n<\/div>\n\n\n\n<div class=\"wp-block-column is-vertically-aligned-bottom is-layout-flow wp-block-column-is-layout-flow\">\n<figure class=\"wp-block-image size-full is-resized\"><img loading=\"lazy\" decoding=\"async\" width=\"130\" height=\"300\" src=\"https:\/\/enredo.com.br\/wp-content\/uploads\/2025\/01\/Premio-popai.png\" alt=\"\" class=\"wp-image-20886\" style=\"width:auto;height:200px\" srcset=\"https:\/\/enredo.com.br\/wp-content\/uploads\/2025\/01\/Premio-popai.png 130w, https:\/\/enredo.com.br\/wp-content\/uploads\/2025\/01\/Premio-popai-5x12.png 5w\" sizes=\"auto, (max-width: 130px) 100vw, 130px\" \/><\/figure>\n<\/div>\n<\/div>\n<\/div><\/div><\/div>\n\n\n\n<div class=\"wp-block-gutsliders-slide swiper-slide\"><div class=\"swiper-container-outer\" style=\"background-color:;background-image:url();background-size:cover;background-position:50% 50%;background-repeat:no-repeat\"><div class=\"gutslider-content-inner\">\n<div class=\"wp-block-columns are-vertically-aligned-bottom is-not-stacked-on-mobile is-layout-flex wp-container-core-columns-is-layout-4 wp-block-columns-is-layout-flex\">\n<div class=\"wp-block-column is-vertically-aligned-bottom is-layout-flow wp-block-column-is-layout-flow\">\n<h2 class=\"wp-block-heading line has-euclid-square-font-family\" style=\"font-size:clamp(17.905px, 1.119rem + ((1vw - 3.2px) * 1.065), 28px);\">FEPI<\/h2>\n\n\n\n<h1 class=\"wp-block-heading line has-sang-bleu-empire-font-family\" style=\"font-size:clamp(50.171px, 3.136rem + ((1vw - 3.2px) * 5.256), 100px);\">10<\/h1>\n\n\n\n<p class=\"has-euclid-square-font-family has-medium-font-size\">Awards<\/p>\n<\/div>\n\n\n\n<div class=\"wp-block-column is-vertically-aligned-bottom is-layout-flow wp-block-column-is-layout-flow\">\n<figure class=\"wp-block-image size-full is-resized\"><img loading=\"lazy\" decoding=\"async\" width=\"847\" height=\"1101\" src=\"https:\/\/enredo.com.br\/wp-content\/uploads\/2025\/01\/Premio-IF-Design.png\" alt=\"\" class=\"wp-image-20942\" style=\"width:auto;height:200px\" srcset=\"https:\/\/enredo.com.br\/wp-content\/uploads\/2025\/01\/Premio-IF-Design.png 847w, https:\/\/enredo.com.br\/wp-content\/uploads\/2025\/01\/Premio-IF-Design-231x300.png 231w, https:\/\/enredo.com.br\/wp-content\/uploads\/2025\/01\/Premio-IF-Design-788x1024.png 788w, https:\/\/enredo.com.br\/wp-content\/uploads\/2025\/01\/Premio-IF-Design-768x998.png 768w, https:\/\/enredo.com.br\/wp-content\/uploads\/2025\/01\/Premio-IF-Design-9x12.png 9w\" sizes=\"auto, (max-width: 847px) 100vw, 847px\" \/><\/figure>\n<\/div>\n<\/div>\n<\/div><\/div><\/div>\n\n\n\n<div class=\"wp-block-gutsliders-slide swiper-slide\"><div class=\"swiper-container-outer\" style=\"background-color:;background-image:url();background-size:cover;background-position:50% 50%;background-repeat:no-repeat\"><div class=\"gutslider-content-inner\">\n<div class=\"wp-block-columns are-vertically-aligned-bottom is-not-stacked-on-mobile is-layout-flex wp-container-core-columns-is-layout-5 wp-block-columns-is-layout-flex\">\n<div class=\"wp-block-column is-vertically-aligned-bottom is-layout-flow wp-block-column-is-layout-flow\">\n<h2 class=\"wp-block-heading line has-euclid-square-font-family\" style=\"font-size:clamp(17.905px, 1.119rem + ((1vw - 3.2px) * 1.065), 28px);\">IF Design<\/h2>\n\n\n\n<h1 class=\"wp-block-heading line has-sang-bleu-empire-font-family\" style=\"font-size:clamp(50.171px, 3.136rem + ((1vw - 3.2px) * 5.256), 100px);\"><em>01<\/em><\/h1>\n\n\n\n<p class=\"has-euclid-square-font-family has-medium-font-size\">Prize<\/p>\n<\/div>\n\n\n\n<div class=\"wp-block-column is-vertically-aligned-bottom is-layout-flow wp-block-column-is-layout-flow\">\n<figure class=\"wp-block-image size-full is-resized\"><img loading=\"lazy\" decoding=\"async\" width=\"847\" height=\"1101\" src=\"https:\/\/enredo.com.br\/wp-content\/uploads\/2025\/01\/Premio-IF-Design.png\" alt=\"\" class=\"wp-image-20942\" style=\"width:auto;height:200px\" srcset=\"https:\/\/enredo.com.br\/wp-content\/uploads\/2025\/01\/Premio-IF-Design.png 847w, https:\/\/enredo.com.br\/wp-content\/uploads\/2025\/01\/Premio-IF-Design-231x300.png 231w, https:\/\/enredo.com.br\/wp-content\/uploads\/2025\/01\/Premio-IF-Design-788x1024.png 788w, https:\/\/enredo.com.br\/wp-content\/uploads\/2025\/01\/Premio-IF-Design-768x998.png 768w, https:\/\/enredo.com.br\/wp-content\/uploads\/2025\/01\/Premio-IF-Design-9x12.png 9w\" sizes=\"auto, (max-width: 847px) 100vw, 847px\" \/><\/figure>\n<\/div>\n<\/div>\n<\/div><\/div><\/div>\n<\/div><\/div><\/div>\n<\/div><\/div>\n<\/section>\n\n\n\n<section class=\"wp-block-group alignfull is-layout-constrained wp-container-core-group-is-layout-6 wp-block-group-is-layout-constrained\" style=\"margin-top:0;margin-bottom:0;padding-top:6em;padding-right:1em;padding-bottom:6em;padding-left:1em\">\n<div class=\"wp-block-gutsliders-any-content alignfull gutslider-cf357842 nav_outside nav_cc\" data-swiper-options=\"{&quot;slidesPerView&quot;:1,&quot;spaceBetween&quot;:0,&quot;loop&quot;:true,&quot;autoplay&quot;:false,&quot;speed&quot;:1000,&quot;effect&quot;:&quot;slide&quot;,&quot;creativeEffect&quot;:{&quot;prev&quot;:{&quot;shadow&quot;:true,&quot;translate&quot;:[&quot;-20%&quot;,0,-1]},&quot;next&quot;:{&quot;translate&quot;:[&quot;100%&quot;,0,0]}},&quot;keyboard&quot;:{&quot;enabled&quot;:false},&quot;mousewheel&quot;:false,&quot;breakpoints&quot;:{&quot;320&quot;:{&quot;slidesPerView&quot;:1,&quot;spaceBetween&quot;:0},&quot;768&quot;:{&quot;slidesPerView&quot;:2,&quot;spaceBetween&quot;:15},&quot;1025&quot;:{&quot;slidesPerView&quot;:&quot;3&quot;,&quot;spaceBetween&quot;:15}},&quot;navigation&quot;:{&quot;nextEl&quot;:&quot;.gutslider-cf357842 .swiper-button-next&quot;,&quot;prevEl&quot;:&quot;.gutslider-cf357842 .swiper-button-prev&quot;},&quot;pagination&quot;:false}\"><div class=\"swiper\"><div class=\"swiper-wrapper\">\n<div class=\"wp-block-gutsliders-slide swiper-slide\"><div class=\"swiper-container-outer\" style=\"background-color:#ffffff;background-image:url();background-size:cover;background-position:50% 50%;background-repeat:no-repeat\"><div class=\"gutslider-content-inner\">\n<div class=\"wp-block-group is-layout-flow wp-block-group-is-layout-flow\" style=\"min-height:100%;margin-top:0;margin-bottom:0;padding-top:0;padding-right:0;padding-bottom:0;padding-left:0\">\n<div class=\"wp-block-blocks-query-cases alignwide is-layout-flow wp-block-query-cases-is-layout-flow\"><div class=\"wp-block-blocks-querycases-templates is-layout-flow wp-block-querycases-templates-is-layout-flow\"><div class=\"wp-block-post post-17376 cases_post type-cases_post status-publish format-standard has-post-thumbnail hentry brands-shinagawa segmentos-industria segmentos-tecnologia servicos-arquitetura-de-marcas servicos-branding servicos-estrategia-de-marca servicos-identidade-visual\">\n<div class=\"wp-block-blocks-querycases-templates\">\n<div class=\"wp-block-group is-layout-constrained wp-block-group-is-layout-constrained\"><figure style=\"aspect-ratio:4\/3; padding-top:1em;padding-bottom:1em;\" class=\"wp-block-blocks-post-featured-image\"><a href=\"https:\/\/enredo.com.br\/en\/cases_post\/shinagawa-refractories-brand\/\" target=\"_self\"  ><img loading=\"lazy\" decoding=\"async\" width=\"1920\" height=\"1920\" src=\"https:\/\/enredo.com.br\/wp-content\/uploads\/2023\/12\/capa-enredo-shinagawa.jpg\" class=\"attachment-post-thumbnail size-post-thumbnail wp-post-image\" alt=\"Transformando a percep\u00e7\u00e3o global de refrat\u00e1rios\" style=\"width:100%;height:100%;object-fit:cover;\" srcset=\"https:\/\/enredo.com.br\/wp-content\/uploads\/2023\/12\/capa-enredo-shinagawa.jpg 1920w, https:\/\/enredo.com.br\/wp-content\/uploads\/2023\/12\/capa-enredo-shinagawa-300x300.jpg 300w, https:\/\/enredo.com.br\/wp-content\/uploads\/2023\/12\/capa-enredo-shinagawa-1024x1024.jpg 1024w, https:\/\/enredo.com.br\/wp-content\/uploads\/2023\/12\/capa-enredo-shinagawa-150x150.jpg 150w, https:\/\/enredo.com.br\/wp-content\/uploads\/2023\/12\/capa-enredo-shinagawa-768x768.jpg 768w, https:\/\/enredo.com.br\/wp-content\/uploads\/2023\/12\/capa-enredo-shinagawa-1536x1536.jpg 1536w, https:\/\/enredo.com.br\/wp-content\/uploads\/2023\/12\/capa-enredo-shinagawa-12x12.jpg 12w\" sizes=\"auto, (max-width: 1920px) 100vw, 1920px\" \/><\/a><\/figure><\/div>\n<\/div>\n<\/div><\/div><\/div>\n<\/div>\n<\/div><\/div><\/div>\n\n\n\n<div class=\"wp-block-gutsliders-slide swiper-slide\"><div class=\"swiper-container-outer\" style=\"background-color:#ffffff;background-image:url();background-size:cover;background-position:50% 50%;background-repeat:no-repeat\"><div class=\"gutslider-content-inner\">\n<div class=\"wp-block-group is-layout-flow wp-block-group-is-layout-flow\" style=\"min-height:100%;margin-top:0;margin-bottom:0;padding-top:0;padding-right:0;padding-bottom:0;padding-left:0\">\n<div class=\"wp-block-blocks-query-cases alignwide is-content-justification-center is-layout-constrained wp-block-query-cases-is-layout-constrained\"><div class=\"wp-block-blocks-querycases-templates is-layout-constrained wp-container-blocks-querycases-templates-is-layout-2 wp-block-querycases-templates-is-layout-constrained\"><div class=\"wp-block-post post-18950 cases_post type-cases_post status-publish format-standard has-post-thumbnail hentry brands-peixara segmentos-experiencia segmentos-social servicos-branding servicos-estrategia-de-marca servicos-identidade-visual servicos-naming\">\n<div class=\"wp-block-blocks-querycases-templates\"><figure style=\"aspect-ratio:4\/3; padding-top:1em;padding-bottom:1em;\" class=\"wp-block-blocks-post-featured-image\"><a href=\"https:\/\/enredo.com.br\/en\/cases_post\/peixara\/\" target=\"_self\"  ><img loading=\"lazy\" decoding=\"async\" width=\"1920\" height=\"1920\" src=\"https:\/\/enredo.com.br\/wp-content\/uploads\/2024\/05\/enredo_peixara_capa-1.jpg\" class=\"attachment-post-thumbnail size-post-thumbnail wp-post-image\" alt=\"A vida n\u00e3o existe sem equil\u00edbrio\" style=\"width:100%;height:100%;object-fit:cover;\" srcset=\"https:\/\/enredo.com.br\/wp-content\/uploads\/2024\/05\/enredo_peixara_capa-1.jpg 1920w, https:\/\/enredo.com.br\/wp-content\/uploads\/2024\/05\/enredo_peixara_capa-1-300x300.jpg 300w, https:\/\/enredo.com.br\/wp-content\/uploads\/2024\/05\/enredo_peixara_capa-1-1024x1024.jpg 1024w, https:\/\/enredo.com.br\/wp-content\/uploads\/2024\/05\/enredo_peixara_capa-1-150x150.jpg 150w, https:\/\/enredo.com.br\/wp-content\/uploads\/2024\/05\/enredo_peixara_capa-1-768x768.jpg 768w, https:\/\/enredo.com.br\/wp-content\/uploads\/2024\/05\/enredo_peixara_capa-1-1536x1536.jpg 1536w, https:\/\/enredo.com.br\/wp-content\/uploads\/2024\/05\/enredo_peixara_capa-1-12x12.jpg 12w\" sizes=\"auto, (max-width: 1920px) 100vw, 1920px\" \/><\/a><\/figure><\/div>\n<\/div><\/div><\/div>\n<\/div>\n<\/div><\/div><\/div>\n\n\n\n<div class=\"wp-block-gutsliders-slide swiper-slide\"><div class=\"swiper-container-outer\" style=\"background-color:#ffffff;background-image:url();background-size:cover;background-position:50% 50%;background-repeat:no-repeat\"><div class=\"gutslider-content-inner\">\n<div class=\"wp-block-group is-layout-flow wp-block-group-is-layout-flow\" style=\"min-height:100%;margin-top:0;margin-bottom:0;padding-top:0;padding-right:0;padding-bottom:0;padding-left:0\">\n<div class=\"wp-block-blocks-query-cases alignwide is-content-justification-center is-layout-constrained wp-block-query-cases-is-layout-constrained\"><div class=\"wp-block-blocks-querycases-templates is-layout-constrained wp-container-blocks-querycases-templates-is-layout-3 wp-block-querycases-templates-is-layout-constrained\"><div class=\"wp-block-post post-18589 cases_post type-cases_post status-publish format-standard has-post-thumbnail hentry brands-magalu-cloud segmentos-servicos segmentos-tecnologia servicos-branding servicos-estrategia-de-marca servicos-identidade-visual\">\n<div class=\"wp-block-blocks-querycases-templates\"><figure style=\"aspect-ratio:4\/3; padding-top:1em;padding-bottom:1em;\" class=\"wp-block-blocks-post-featured-image\"><a href=\"https:\/\/enredo.com.br\/en\/cases_post\/magalu-cloud\/\" target=\"_self\"  ><img loading=\"lazy\" decoding=\"async\" width=\"4356\" height=\"4356\" src=\"https:\/\/enredo.com.br\/wp-content\/uploads\/2023\/12\/Magalu_11zon.png\" class=\"attachment-post-thumbnail size-post-thumbnail wp-post-image\" alt=\"A primeira Cloud de escala global do Brasil\" style=\"width:100%;height:100%;object-fit:cover;\" srcset=\"https:\/\/enredo.com.br\/wp-content\/uploads\/2023\/12\/Magalu_11zon.png 4356w, https:\/\/enredo.com.br\/wp-content\/uploads\/2023\/12\/Magalu_11zon-300x300.png 300w, https:\/\/enredo.com.br\/wp-content\/uploads\/2023\/12\/Magalu_11zon-1024x1024.png 1024w, https:\/\/enredo.com.br\/wp-content\/uploads\/2023\/12\/Magalu_11zon-150x150.png 150w, https:\/\/enredo.com.br\/wp-content\/uploads\/2023\/12\/Magalu_11zon-768x768.png 768w, https:\/\/enredo.com.br\/wp-content\/uploads\/2023\/12\/Magalu_11zon-1536x1536.png 1536w, https:\/\/enredo.com.br\/wp-content\/uploads\/2023\/12\/Magalu_11zon-2048x2048.png 2048w, https:\/\/enredo.com.br\/wp-content\/uploads\/2023\/12\/Magalu_11zon-12x12.png 12w\" sizes=\"auto, (max-width: 4356px) 100vw, 4356px\" \/><\/a><\/figure><\/div>\n<\/div><\/div><\/div>\n<\/div>\n<\/div><\/div><\/div>\n<\/div><\/div><div class=\"gutslider-nav nav_outside nav_cc\"><div class=\"swiper-button-prev\"><\/div><div class=\"swiper-button-next\"><\/div><\/div><\/div>\n<\/section>\n\n\n\n<section class=\"wp-block-group alignfull has-branco-color has-areia-2-background-color has-text-color has-background has-link-color wp-elements-50d54a3d2574e17d259d37126b1a7647 is-layout-constrained wp-container-core-group-is-layout-7 wp-block-group-is-layout-constrained\" style=\"margin-top:0;margin-bottom:0;padding-top:var(--wp--preset--spacing--80);padding-right:0;padding-bottom:var(--wp--preset--spacing--80);padding-left:0\">\n<div class=\"wp-block-columns alignwide has-preto-background-color has-background is-layout-flex wp-container-core-columns-is-layout-7 wp-block-columns-is-layout-flex\" style=\"padding-top:3em;padding-right:3em;padding-bottom:3em;padding-left:3em\">\n<div class=\"wp-block-column is-layout-flow wp-block-column-is-layout-flow\">\n<div class=\"wp-block-columns alignwide are-vertically-aligned-top is-layout-flex wp-container-core-columns-is-layout-6 wp-block-columns-is-layout-flex\" style=\"margin-bottom:2em\">\n<div class=\"wp-block-column is-vertically-aligned-top is-layout-flow wp-block-column-is-layout-flow\">\n<h2 class=\"wp-block-heading line\" style=\"margin-top:0px;margin-right:0px;margin-bottom:0px;margin-left:0px;font-size:clamp(27.894px, 1.743rem + ((1vw - 3.2px) * 2.121), 48px);font-style:normal;font-weight:300\">Stay up to date with our cases.<\/h2>\n\n\n\n<h4 class=\"wp-block-heading line has-euclid-square-font-family\" style=\"margin-top:0px;margin-right:0px;margin-bottom:0px;margin-left:0px;font-style:normal;font-weight:300\">We fall in love with each new brand and<br>we share everything on instagram.<\/h4>\n<\/div>\n\n\n\n<div class=\"wp-block-column is-vertically-aligned-top is-layout-flow wp-block-column-is-layout-flow\"><\/div>\n<\/div>\n\n\n\n<div style=\"pointer-events:auto\" class=\"wp-block-blocks-buttons alignwide has-areia-4-color has-text-color has-link-color wp-elements-2c11d42c070ac60235a0bb86f0a80a65\"><div class=\"block_shaft\"><a class=\"link block_shaft is-layout-flow wp-block-buttons-is-layout-flow\" href=\"https:\/\/www.instagram.com\/enredobranding\" target=\"_blank\" rel=\"noopener noreferrer\">\n<p class=\"has-branco-color has-text-color has-link-color wp-elements-66ff5a08cddcb018e1e083f707c99318\" style=\"letter-spacing:0.3em;text-transform:uppercase\">Instagram<\/p>\n<div class=\"shaft\"><div class=\"line\"><\/div><div class=\"arrow\"><\/div><\/div><\/a><\/div><\/div>\n<\/div>\n<\/div>\n<\/section>","protected":false},"excerpt":{"rendered":"<p>Fique por dentro dos nossos cases. Nos apaixonamos a cada nova marca ecompartilhamos tudo pelo nosso instagram.<\/p>","protected":false},"author":225,"featured_media":0,"parent":0,"menu_order":0,"comment_status":"closed","ping_status":"closed","template":"","meta":{"_acf_changed":false,"footnotes":""},"class_list":["post-20664","page","type-page","status-publish","hentry"],"acf":[],"_links":{"self":[{"href":"https:\/\/enredo.com.br\/en\/wp-json\/wp\/v2\/pages\/20664","targetHints":{"allow":["GET"]}}],"collection":[{"href":"https:\/\/enredo.com.br\/en\/wp-json\/wp\/v2\/pages"}],"about":[{"href":"https:\/\/enredo.com.br\/en\/wp-json\/wp\/v2\/types\/page"}],"author":[{"embeddable":true,"href":"https:\/\/enredo.com.br\/en\/wp-json\/wp\/v2\/users\/225"}],"replies":[{"embeddable":true,"href":"https:\/\/enredo.com.br\/en\/wp-json\/wp\/v2\/comments?post=20664"}],"version-history":[{"count":172,"href":"https:\/\/enredo.com.br\/en\/wp-json\/wp\/v2\/pages\/20664\/revisions"}],"predecessor-version":[{"id":21296,"href":"https:\/\/enredo.com.br\/en\/wp-json\/wp\/v2\/pages\/20664\/revisions\/21296"}],"wp:attachment":[{"href":"https:\/\/enredo.com.br\/en\/wp-json\/wp\/v2\/media?parent=20664"}],"curies":[{"name":"wp","href":"https:\/\/api.w.org\/{rel}","templated":true}]}}