{"id":7626,"date":"2021-07-05T04:15:00","date_gmt":"2021-07-05T07:15:00","guid":{"rendered":"https:\/\/enredo.com.br\/?p=7626"},"modified":"2026-02-06T15:32:01","modified_gmt":"2026-02-06T18:32:01","slug":"vagas","status":"publish","type":"page","link":"https:\/\/enredo.com.br\/en\/vagas\/","title":{"rendered":""},"content":{"rendered":"<section class=\"wp-block-group alignfull has-areia-background-color has-background is-layout-constrained wp-container-core-group-is-layout-2 wp-block-group-is-layout-constrained\" style=\"margin-top:0;margin-bottom:0;padding-top:7em;padding-right:var(--wp--preset--spacing--60);padding-bottom:7em;padding-left:var(--wp--preset--spacing--60)\">\n<div class=\"wp-block-columns alignwide is-layout-flex wp-container-core-columns-is-layout-1 wp-block-columns-is-layout-flex\">\n<div class=\"wp-block-column is-layout-flow wp-block-column-is-layout-flow\">\n<div class=\"wp-block-group is-layout-constrained wp-block-group-is-layout-constrained wp-container-1 is-position-sticky\">\n<h2 class=\"wp-block-heading has-sang-bleu-empire-font-family\" style=\"font-style:normal;font-weight:300;text-transform:none\">About Us<\/h2>\n<\/div>\n<\/div>\n\n\n\n<div class=\"wp-block-column is-layout-flow wp-block-column-is-layout-flow\">\n<p style=\"margin-bottom:3em\">Nos \u00faltimos 14 anos ajudamos dezenas de empresas em todo o Brasil a repensarem seus neg\u00f3cios e os seus resultados a partir da nossa maior cren\u00e7a: o Brand Innovation.<\/p>\n\n\n\n<p style=\"margin-bottom:3em\">Unimos Estrat\u00e9gia, Arquitetura, Design e Intelig\u00eancia competitiva para desenhar novas possibilidades para que nossos clientes cres\u00e7am seus neg\u00f3cios e impactem mais pessoas.<\/p>\n\n\n\n<p>Al\u00e9m das capacidades t\u00e9cnicas, buscamos por pessoas alinhadas aos nossos valores e cren\u00e7as, bem como ao nosso prop\u00f3sito: <strong>ser ponto de virada na vida das pessoas e neg\u00f3cios.<\/strong><\/p>\n\n\n\n<p><strong>Por que escolher a Enredo: <\/strong><br><strong>Sa\u00fade e Bem estar: <\/strong>Plano de sa\u00fade e apoio integral para voc\u00ea cuidar de si.<br><strong>Desenvolvimento: <\/strong>Investimento em cursos, workshops e eventos do setor.<br><strong>Flexibilidade:<\/strong> para equilibrar vida pessoal e trabalho.<br><strong>Projetos relevantes: <\/strong>Trabalhe com marcas l\u00edderes e projetos desafiadores.<br><strong>Ambiente criativo e aut\u00f4nomo: <\/strong>excelente espa\u00e7o e time multidisciplinar.<\/p>\n<\/div>\n<\/div>\n<\/section>\n\n\n\n<section class=\"wp-block-group alignfull has-areia-background-color has-background is-layout-constrained wp-container-core-group-is-layout-3 wp-block-group-is-layout-constrained\" style=\"margin-top:0;margin-bottom:0;padding-top:var(--wp--preset--spacing--50);padding-right:var(--wp--preset--spacing--50);padding-bottom:var(--wp--preset--spacing--80);padding-left:var(--wp--preset--spacing--50)\">\n<figure class=\"wp-block-image size-large\"><img loading=\"lazy\" decoding=\"async\" width=\"1024\" height=\"609\" src=\"https:\/\/enredo.com.br\/wp-content\/uploads\/2024\/01\/Mask-group-1-1024x609.jpg\" alt=\"\" class=\"wp-image-18723\" srcset=\"https:\/\/enredo.com.br\/wp-content\/uploads\/2024\/01\/Mask-group-1-1024x609.jpg 1024w, https:\/\/enredo.com.br\/wp-content\/uploads\/2024\/01\/Mask-group-1-300x179.jpg 300w, https:\/\/enredo.com.br\/wp-content\/uploads\/2024\/01\/Mask-group-1-768x457.jpg 768w, https:\/\/enredo.com.br\/wp-content\/uploads\/2024\/01\/Mask-group-1-18x12.jpg 18w, https:\/\/enredo.com.br\/wp-content\/uploads\/2024\/01\/Mask-group-1.jpg 1262w\" sizes=\"auto, (max-width: 1024px) 100vw, 1024px\" \/><\/figure>\n<\/section>\n\n\n\n<section class=\"wp-block-group alignfull has-verde-dark-background-color has-background is-layout-constrained wp-container-core-group-is-layout-12 wp-block-group-is-layout-constrained\" style=\"margin-top:0;margin-bottom:0;padding-top:7em;padding-right:var(--wp--preset--spacing--60);padding-bottom:7em;padding-left:var(--wp--preset--spacing--60)\">\n<div class=\"wp-block-columns alignwide are-vertically-aligned-center is-layout-flex wp-container-core-columns-is-layout-2 wp-block-columns-is-layout-flex\">\n<div class=\"wp-block-column is-vertically-aligned-center is-layout-flow wp-block-column-is-layout-flow\" style=\"padding-top:var(--wp--preset--spacing--60);padding-right:var(--wp--preset--spacing--40);padding-bottom:var(--wp--preset--spacing--60);padding-left:var(--wp--preset--spacing--40)\">\n<h2 class=\"wp-block-heading has-verde-light-color has-text-color has-link-color has-sang-bleu-empire-font-family wp-elements-c3a3b1d74064b0ad68188405eeaaa896\" style=\"font-style:normal;font-weight:400\">Independente da vaga, voc\u00ea \u00e9 a pessoa ideal se:<\/h2>\n<\/div>\n\n\n\n<div class=\"wp-block-column is-layout-flow wp-block-column-is-layout-flow\"><\/div>\n<\/div>\n\n\n\n<div class=\"wp-block-columns alignwide is-layout-flex wp-container-core-columns-is-layout-3 wp-block-columns-is-layout-flex\">\n<div class=\"wp-block-column is-vertically-aligned-top is-layout-flow wp-block-column-is-layout-flow\" style=\"padding-top:var(--wp--preset--spacing--40);padding-right:var(--wp--preset--spacing--40);padding-bottom:var(--wp--preset--spacing--40);padding-left:var(--wp--preset--spacing--40)\">\n<div class=\"wp-block-group is-layout-constrained wp-block-group-is-layout-constrained\">\n<h4 class=\"wp-block-heading fonteNova has-branco-color has-text-color has-link-color wp-elements-0859a3c16b71e0461da0010307d7439f\" style=\"font-style:normal;font-weight:200\">Desejo de crescimento e ambi\u00e7\u00e3o por aprendizado cont\u00ednuo, n\u00e3o se acomodando por j\u00e1 fazer um excelente trabalho.<\/h4>\n<\/div>\n<\/div>\n\n\n\n<div class=\"wp-block-column is-vertically-aligned-top is-layout-flow wp-block-column-is-layout-flow\" style=\"padding-top:var(--wp--preset--spacing--40);padding-right:var(--wp--preset--spacing--40);padding-bottom:var(--wp--preset--spacing--40);padding-left:var(--wp--preset--spacing--40)\">\n<div class=\"wp-block-group is-layout-constrained wp-block-group-is-layout-constrained\">\n<h4 class=\"wp-block-heading fonteNova has-branco-color has-text-color has-link-color wp-elements-b2dd94d06c6edc68ba47279d7b02a996\" style=\"font-style:normal;font-weight:200\">Ease of adapting to change, taking into account the context and needs of clients.<\/h4>\n<\/div>\n<\/div>\n<\/div>\n\n\n\n<div class=\"wp-block-columns alignwide is-layout-flex wp-container-core-columns-is-layout-4 wp-block-columns-is-layout-flex\">\n<div class=\"wp-block-column is-vertically-aligned-top is-layout-flow wp-block-column-is-layout-flow\" style=\"padding-top:var(--wp--preset--spacing--40);padding-right:var(--wp--preset--spacing--40);padding-bottom:var(--wp--preset--spacing--40);padding-left:var(--wp--preset--spacing--40)\">\n<div class=\"wp-block-group is-layout-constrained wp-block-group-is-layout-constrained\">\n<h4 class=\"wp-block-heading fonteNova has-branco-color has-text-color has-link-color wp-elements-a7879464de5da63088b91df9af9a85b1\" style=\"font-style:normal;font-weight:200\">They embrace productive discomfort and have the ability to work in scenarios that may involve pressure for results.<\/h4>\n<\/div>\n<\/div>\n\n\n\n<div class=\"wp-block-column is-vertically-aligned-top is-layout-flow wp-block-column-is-layout-flow\" style=\"padding-top:var(--wp--preset--spacing--40);padding-right:var(--wp--preset--spacing--40);padding-bottom:var(--wp--preset--spacing--40);padding-left:var(--wp--preset--spacing--40)\">\n<div class=\"wp-block-group is-layout-constrained wp-block-group-is-layout-constrained\">\n<h4 class=\"wp-block-heading fonteNova has-branco-color has-text-color has-link-color wp-elements-40dd40508cde88a084d5416d9094d299\" style=\"font-style:normal;font-weight:200\">Has a sense of responsibility for project deadlines and costs.<\/h4>\n<\/div>\n<\/div>\n<\/div>\n\n\n\n<div class=\"wp-block-columns alignwide is-layout-flex wp-container-core-columns-is-layout-5 wp-block-columns-is-layout-flex\">\n<div class=\"wp-block-column is-vertically-aligned-top is-layout-flow wp-block-column-is-layout-flow\" style=\"padding-top:var(--wp--preset--spacing--40);padding-right:var(--wp--preset--spacing--40);padding-bottom:var(--wp--preset--spacing--40);padding-left:var(--wp--preset--spacing--40)\">\n<div class=\"wp-block-group is-layout-constrained wp-block-group-is-layout-constrained\">\n<h4 class=\"wp-block-heading fonteNova has-branco-color has-text-color has-link-color wp-elements-2b1492ac47981741a0f4573349e1bf9a\" style=\"font-style:normal;font-weight:200\">He is creative, strategic and concerned about the legacy of his work.<\/h4>\n<\/div>\n<\/div>\n\n\n\n<div class=\"wp-block-column is-vertically-aligned-top is-layout-flow wp-block-column-is-layout-flow\" style=\"padding-top:var(--wp--preset--spacing--40);padding-right:var(--wp--preset--spacing--40);padding-bottom:var(--wp--preset--spacing--40);padding-left:var(--wp--preset--spacing--40)\">\n<div class=\"wp-block-group is-layout-constrained wp-block-group-is-layout-constrained\">\n<h4 class=\"wp-block-heading fonteNova has-branco-color has-text-color has-link-color wp-elements-81459c837a3b150541d6cb277d219abe\" style=\"font-style:normal;font-weight:200\">She has varied visual references and the enthusiasm to grow professionally by doing different things.<\/h4>\n<\/div>\n<\/div>\n<\/div>\n\n\n\n<div class=\"wp-block-columns alignwide is-layout-flex wp-container-core-columns-is-layout-6 wp-block-columns-is-layout-flex\">\n<div class=\"wp-block-column is-vertically-aligned-top is-layout-flow wp-block-column-is-layout-flow\" style=\"padding-top:var(--wp--preset--spacing--40);padding-right:var(--wp--preset--spacing--40);padding-bottom:var(--wp--preset--spacing--40);padding-left:var(--wp--preset--spacing--40)\">\n<div class=\"wp-block-group is-layout-constrained wp-block-group-is-layout-constrained\">\n<h4 class=\"wp-block-heading fonteNova has-branco-color has-text-color has-link-color wp-elements-59baac5de3384440720c25a5fc667511\" style=\"font-style:normal;font-weight:200\">Has the ability or enjoys teaching.<\/h4>\n<\/div>\n<\/div>\n\n\n\n<div class=\"wp-block-column is-vertically-aligned-top is-layout-flow wp-block-column-is-layout-flow\" style=\"padding-top:var(--wp--preset--spacing--40);padding-right:var(--wp--preset--spacing--40);padding-bottom:var(--wp--preset--spacing--40);padding-left:var(--wp--preset--spacing--40)\">\n<div class=\"wp-block-group is-layout-constrained wp-block-group-is-layout-constrained\">\n<h4 class=\"wp-block-heading fonteNova has-branco-color has-text-color has-link-color wp-elements-6b9cff99c4b11f42caf7dbaac6ce694f\" style=\"font-style:normal;font-weight:200\">He questions the sector's conventional working model and is looking for a place with the autonomy to do things the way he believes.<\/h4>\n<\/div>\n<\/div>\n<\/div>\n<\/section>\n\n\n\n<div class=\"wp-block-group alignfull has-areia-background-color has-background is-layout-constrained wp-container-core-group-is-layout-13 wp-block-group-is-layout-constrained\" style=\"margin-top:0;margin-bottom:0;padding-top:7em;padding-right:2.25em;padding-bottom:7em;padding-left:2.25em\">\n<div class=\"wp-block-columns alignwide is-layout-flex wp-container-core-columns-is-layout-7 wp-block-columns-is-layout-flex\">\n<div class=\"wp-block-column is-layout-flow wp-block-column-is-layout-flow\" style=\"padding-right:4em;padding-left:2em\">\n<p class=\"has-euclid-square-font-family has-large-font-size\" style=\"padding-bottom:30px;line-height:1.1\">To share this mission with us, we are hiring people for the positions described below.<\/p>\n\n\n\n<p class=\"fonteNova\" style=\"padding-right:3em;font-size:clamp(14px, 0.875rem + ((1vw - 3.2px) * 0.633), 20px);\">Fill in the form at the bottom of the page, after reading about the position that best suits you.<\/p>\n<\/div>\n\n\n\n<div class=\"wp-block-column is-layout-flow wp-block-column-is-layout-flow\">\n<figure class=\"wp-block-image size-full\"><img loading=\"lazy\" decoding=\"async\" width=\"655\" height=\"436\" src=\"https:\/\/enredo.com.br\/wp-content\/uploads\/2024\/06\/site-enredo-branding-retail-2.jpg\" alt=\"\" class=\"wp-image-19242\" srcset=\"https:\/\/enredo.com.br\/wp-content\/uploads\/2024\/06\/site-enredo-branding-retail-2.jpg 655w, https:\/\/enredo.com.br\/wp-content\/uploads\/2024\/06\/site-enredo-branding-retail-2-300x200.jpg 300w, https:\/\/enredo.com.br\/wp-content\/uploads\/2024\/06\/site-enredo-branding-retail-2-18x12.jpg 18w\" sizes=\"auto, (max-width: 655px) 100vw, 655px\" \/><\/figure>\n<\/div>\n<\/div>\n<\/div>\n\n\n\n<div class=\"wp-block-group alignfull has-areia-background-color has-background is-layout-constrained wp-block-group-is-layout-constrained\" style=\"margin-top:0;margin-bottom:0\">\n<style>\n    * {\n        margin: 0;\n        padding: 0;\n    }\n    \n    .positions-section {\n        padding: 6rem 1.5rem;\n        overflow: visible;\n    }\n    \n    .positions-container {\n        max-width: 1200px;\n        margin: 0 auto;\n        overflow: visible;\n    }\n    \n    .positions-header {\n        text-align: center;\n        margin-bottom: 0;\n    }\n    \n    .positions-grid {\n        display: grid;\n        gap: 1.5rem;\n        overflow: visible;\n    }\n    \n    .position-card {\n        background: hsl(0 0% 100%);\n        border-radius: 0.75rem;\n        border: 1px solid hsl(40 15% 85%);\n        transition: all 0.3s cubic-bezier(0.4, 0, 0.2, 1);\n        overflow: visible; \/* evita \u201cbarra de rolagem interna\u201d ao expandir *\/\n    }\n    \n    .position-card:hover {\n        box-shadow: 0 8px 30px -4px hsla(0, 0%, 4%, 0.15);\n    }\n    \n    .position-header-button {\n        width: 100%;\n        background: none;\n        border: none;\n        padding: 1.5rem 2rem;\n        cursor: pointer;\n        text-align: left;\n        display: flex;\n        justify-content: space-between;\n        align-items: start;\n        gap: 1rem;\n        transition: background-color 0.3s;\n    }\n    \n    .position-header-button:hover {\n        background-color: hsl(40 15% 98%);\n    }\n    \n    .position-header-button.active {\n        background-color: hsl(40 15% 96%);\n    }\n    \n    .position-top {\n        display: flex;\n        justify-content: space-between;\n        align-items: start;\n        margin-bottom: 0.75rem;\n        flex-wrap: wrap;\n        gap: 0.75rem;\n    }\n    \n    .position-title {\n        font-size: 1.5rem;\n        font-weight: 600;\n        color: hsl(0 0% 4%);\n    }\n    \n    .position-badge {\n        background-color: #00c2b4;\n        color: hsl(0 0% 100%);\n        padding: 0.25rem 0.75rem;\n        border-radius: 9999px;\n        font-size: 0.875rem;\n        font-weight: 500;\n        white-space: nowrap;\n    }\n    \n    .position-meta {\n        display: flex;\n        gap: 1.5rem;\n        flex-wrap: wrap;\n        font-size: 0.875rem;\n        color: hsl(0 0% 40%);\n    }\n    \n    .position-meta-item {\n        display: flex;\n        align-items: center;\n        gap: 0.5rem;\n    }\n    \n    .icon {\n        width: 1rem;\n        height: 1rem;\n    }\n    \n    .chevron {\n        width: 1.25rem;\n        height: 1.25rem;\n        color: hsl(0 0% 40%);\n        transition: transform 0.3s ease;\n        flex-shrink: 0;\n    }\n    \n    .position-header-button.active .chevron {\n        transform: rotate(180deg);\n    }\n\n    \/* \u2705 Dropdown sem max-height (evita rolagem interna) *\/\n    .position-details {\n        display: grid;\n        grid-template-rows: 0fr;\n        transition: grid-template-rows 0.35s ease;\n    }\n    \n    .position-details.active {\n        grid-template-rows: 1fr;\n    }\n    \n    .position-details-inner {\n        overflow: hidden; \/* importante para a anima\u00e7\u00e3o *\/\n        padding: 0 2rem 2rem 2rem;\n    }\n    \n    .position-description {\n        color: hsl(0 0% 20%);\n        line-height: 1.75;\n        margin-bottom: 1.5rem;\n    }\n    \n    .details-grid {\n        display: grid;\n        grid-template-columns: 1fr;\n        gap: 2rem;\n        margin-bottom: 1.5rem;\n    }\n    \n    @media (min-width: 768px) {\n        .details-grid {\n            grid-template-columns: 1fr 1fr;\n        }\n    }\n    \n    .details-section h4 {\n        font-size: 1.125rem;\n        font-weight: 600;\n        color: hsl(0 0% 4%);\n        margin-bottom: 0.75rem;\n    }\n    \n    .details-list {\n        list-style: none;\n    }\n    \n    .details-list li {\n        display: flex;\n        gap: 0.5rem;\n        margin-bottom: 0.5rem;\n        font-size: 0.95rem;\n        color: hsl(0 0% 40%);\n        line-height: 1.6;\n    }\n    \n    .details-list li::before {\n        content: \"\u2192\";\n        color: #00c2b4;\n        font-weight: bold;\n    }\n    \n    .btn {\n        background-color: hsl(0 0% 4%);\n        color: hsl(40 15% 94%);\n        padding: 0.75rem 1.5rem;\n        border-radius: 0.75rem;\n        font-weight: 500;\n        border: none;\n        cursor: pointer;\n        text-decoration: none;\n        display: inline-block;\n        transition: all 0.3s;\n    }\n    \n    .btn:hover {\n        background-color: hsl(0 0% 12%);\n        transform: translateY(-2px);\n    }\n\n    @media (max-width: 768px) {\n        .position-title { font-size: 1.25rem; }\n        .position-header-button { padding: 1rem 1.5rem; }\n        .position-details-inner { padding: 0 1.5rem 1.5rem 1.5rem; }\n    }\n<\/style>\n\n<section id=\"vagas\" class=\"positions-section\">\n    <div class=\"positions-container\">\n        <div class=\"positions-grid\">\n            <div class=\"position-card\">\n                <button class=\"position-header-button\" onclick=\"togglePosition(this)\">\n                    <div>\n                        <div class=\"position-top\">\n                            <h3 class=\"position-title\">Secret\u00e1ria \/ Assistente Administrativa<\/h3>\n                            <span class=\"position-badge\">Admin<\/span>\n                        <\/div>\n                        <div class=\"position-meta\">\n                            <div class=\"position-meta-item\">\n                                <svg class=\"icon\" fill=\"none\" stroke=\"currentColor\" viewbox=\"0 0 24 24\" aria-hidden=\"true\">\n                                    <path stroke-width=\"2\" stroke-linecap=\"round\" stroke-linejoin=\"round\"\n                                          d=\"M17.657 16.657L13.414 20.9a1.998 1.998 0 01-2.827 0l-4.244-4.243a8 8 0 1111.314 0z\"\/>\n                                    <path stroke-width=\"2\" stroke-linecap=\"round\" stroke-linejoin=\"round\"\n                                          d=\"M15 11a3 3 0 11-6 0 3 3 0 016 0z\"\/>\n                                <\/svg>\n                                <span>Goi\u00e2nia, GO \u00b7 Presencial<\/span>\n                            <\/div>\n                            <div class=\"position-meta-item\">\n                                <svg class=\"icon\" fill=\"none\" stroke=\"currentColor\" viewbox=\"0 0 24 24\" aria-hidden=\"true\">\n                                    <path stroke-width=\"2\" stroke-linecap=\"round\" stroke-linejoin=\"round\"\n                                          d=\"M12 8v4l3 3m6-3a9 9 0 11-18 0 9 9 0 0118 0z\"\/>\n                                <\/svg>\n                                <span>08:00 \u00e0s 17:30<\/span>\n                            <\/div>\n                        <\/div>\n                    <\/div>\n\n                    <svg class=\"chevron\" fill=\"none\" stroke=\"currentColor\" viewbox=\"0 0 24 24\" aria-hidden=\"true\">\n                        <path stroke-width=\"2\" stroke-linecap=\"round\" stroke-linejoin=\"round\" d=\"M19 9l-7 7-7-7\"\/>\n                    <\/svg>\n                <\/button>\n\n                <div class=\"position-details\">\n                    <div class=\"position-details-inner\">\n                        <p class=\"position-description\">\n                            Buscamos uma pessoa organizada, respons\u00e1vel e atenta aos detalhes para apoiar o funcionamento do escrit\u00f3rio e garantir que cada ponto de contato com clientes reflita o cuidado, o m\u00e9todo e a experi\u00eancia Enredo \u2014 sendo guardi\u00e3 dos rituais de experi\u00eancia do cliente e cumprindo processos.\n                        <\/p>\n\n                        <div class=\"details-grid\">\n                            <div class=\"details-section\">\n                                <h4>Responsabilidades<\/h4>\n                                <ul class=\"details-list\">\n                                    <li>Organizar a rotina do escrit\u00f3rio e apoiar demandas administrativas<\/li>\n                                    <li>Gerenciar agendas, reuni\u00f5es e compromissos<\/li>\n                                    <li>Ser guardi\u00e3 dos rituais de experi\u00eancia do cliente, garantindo execu\u00e7\u00e3o consistente dos processos<\/li>\n                                    <li>Atender clientes, parceiros e fornecedores com aten\u00e7\u00e3o e profissionalismo<\/li>\n                                    <li>Organizar documentos, contratos e fluxos internos<\/li>\n                                <\/ul>\n                            <\/div>\n\n                            <div class=\"details-section\">\n                                <h4>Benef\u00edcios<\/h4>\n                                <ul class=\"details-list\">\n                                    <li>Vale Transporte (VT) + Cart\u00e3o Flash<\/li>\n                                    <li>Day-off no anivers\u00e1rio<\/li>\n                                    <li>Total Pass<\/li>\n                                <\/ul>\n                            <\/div>\n                        <\/div>\n\n                        <\/a>\n                    <\/div>\n                <\/div>\n            <\/div>\n        <\/div>\n    <\/div>\n<\/section>\n\n<script>\nfunction togglePosition(button) {\n    const card = button.closest('.position-card');\n    const details = card.querySelector('.position-details');\n\n    button.classList.toggle('active');\n    details.classList.toggle('active');\n}\n<\/script>\n\n<\/div>\n\n\n\n<div class=\"wp-block-group alignfull has-areia-background-color has-background is-layout-constrained wp-block-group-is-layout-constrained\" style=\"margin-top:0;margin-bottom:0;padding-top:5em;padding-bottom:5em\">\n<div class=\"wp-block-group is-layout-constrained wp-block-group-is-layout-constrained\">\n<div class=\"form-shell\" aria-busy=\"true\">\n  <div class=\"form-skeleton\">\n    <div class=\"line w60\"><\/div>\n    <div class=\"line w90\"><\/div>\n    <div class=\"line w80\"><\/div>\n    <div class=\"line w100\"><\/div>\n    <div class=\"line w70\"><\/div>\n    <div class=\"btn\"><\/div>\n  <\/div>\n\n  <iframe\n    class=\"monday-form\"\n    src=\"https:\/\/forms.monday.com\/forms\/embed\/9ed500e8ec92460be3f9e2281b49c919?r=use1\"\n    width=\"100%\"\n    height=\"2100\"\n    style=\"border:0; display:block; background:transparent;\"\n    loading=\"lazy\"\n    scrolling=\"no\"\n    referrerpolicy=\"no-referrer-when-downgrade\"\n  ><\/iframe>\n<\/div>\n\n<style>\n  \/* wrapper totalmente \u201ccolado\u201d no fundo do site *\/\n  .form-shell{\n    position:relative;\n    width:100%;\n    background:transparent;\n  }\n\n  \/* skeleton leve e transparente, s\u00f3 pra indicar carregamento *\/\n  .form-skeleton{\n    position:absolute;\n    inset:0;\n    padding:0;               \/* sem \u201ccaixa\u201d *\/\n    background:transparent;  \/* sem fundo *\/\n    display:flex;\n    flex-direction:column;\n    gap:12px;\n    z-index:2;\n    pointer-events:none;\n\n    \/* some sozinho (WordPress-safe) *\/\n    animation:skeletonHide 0s linear 4.5s forwards;\n  }\n\n  @keyframes skeletonHide{\n    to{opacity:0; visibility:hidden;}\n  }\n\n  .line{\n    height:14px;\n    border-radius:8px;\n    background:linear-gradient(90deg,#eee 25%,#e3e3e3 37%,#eee 63%);\n    background-size:400% 100%;\n    animation:shimmer 1.1s infinite;\n  }\n  .btn{\n    height:44px;\n    border-radius:10px;\n    margin-top:8px;\n    background:linear-gradient(90deg,#eee 25%,#e3e3e3 37%,#eee 63%);\n    background-size:400% 100%;\n    animation:shimmer 1.1s infinite;\n  }\n\n  .w60{width:60%}.w70{width:70%}.w80{width:80%}.w90{width:90%}.w100{width:100%}\n  @keyframes shimmer{0%{background-position:100% 0}100%{background-position:0 0}}\n\n  \/* remove qualquer \u201csombra\u201d herdada e tenta evitar rolagem *\/\n  iframe.monday-form{\n    box-shadow:none !important;\n    border:0 !important;\n    display:block;\n    width:100%;\n    overflow:hidden;\n    background:transparent !important;\n  }\n<\/style>\n\n<\/div>\n<\/div>\n\n\n\n<p><\/p>","protected":false},"excerpt":{"rendered":"<p>[:pb]Fa\u00e7a parte do nosso time.[:]<\/p>","protected":false},"author":225,"featured_media":15740,"parent":0,"menu_order":0,"comment_status":"closed","ping_status":"closed","template":"","meta":{"_acf_changed":false,"footnotes":""},"class_list":["post-7626","page","type-page","status-publish","has-post-thumbnail","hentry"],"acf":[],"_links":{"self":[{"href":"https:\/\/enredo.com.br\/en\/wp-json\/wp\/v2\/pages\/7626","targetHints":{"allow":["GET"]}}],"collection":[{"href":"https:\/\/enredo.com.br\/en\/wp-json\/wp\/v2\/pages"}],"about":[{"href":"https:\/\/enredo.com.br\/en\/wp-json\/wp\/v2\/types\/page"}],"author":[{"embeddable":true,"href":"https:\/\/enredo.com.br\/en\/wp-json\/wp\/v2\/users\/225"}],"replies":[{"embeddable":true,"href":"https:\/\/enredo.com.br\/en\/wp-json\/wp\/v2\/comments?post=7626"}],"version-history":[{"count":225,"href":"https:\/\/enredo.com.br\/en\/wp-json\/wp\/v2\/pages\/7626\/revisions"}],"predecessor-version":[{"id":21353,"href":"https:\/\/enredo.com.br\/en\/wp-json\/wp\/v2\/pages\/7626\/revisions\/21353"}],"wp:featuredmedia":[{"embeddable":true,"href":"https:\/\/enredo.com.br\/en\/wp-json\/wp\/v2\/media\/15740"}],"wp:attachment":[{"href":"https:\/\/enredo.com.br\/en\/wp-json\/wp\/v2\/media?parent=7626"}],"curies":[{"name":"wp","href":"https:\/\/api.w.org\/{rel}","templated":true}]}}