{"id":8477,"date":"2020-09-17T20:13:24","date_gmt":"2020-09-17T23:13:24","guid":{"rendered":"https:\/\/enredo.com.br\/pbinsights-etceninsights"},"modified":"2025-02-11T22:59:14","modified_gmt":"2025-02-12T01:59:14","slug":"insights","status":"publish","type":"page","link":"https:\/\/enredo.com.br\/en\/insights\/","title":{"rendered":"Insights &#038; Etc"},"content":{"rendered":"<section class=\"wp-block-group alignfull is-layout-constrained wp-container-core-group-is-layout-1 wp-block-group-is-layout-constrained\" style=\"padding-top:7em;padding-right:var(--wp--preset--spacing--60);padding-bottom:7em;padding-left:var(--wp--preset--spacing--60)\">\n<div class=\"wp-block-columns is-layout-flex wp-container-core-columns-is-layout-1 wp-block-columns-is-layout-flex\">\n<div class=\"wp-block-column is-layout-flow wp-block-column-is-layout-flow\" style=\"flex-basis:40%\">\n<h2 class=\"wp-block-heading has-sang-bleu-empire-font-family\" style=\"font-style:normal;font-weight:400\">Insights &amp; etc<\/h2>\n\n\n\n<h4 class=\"wp-block-heading\" style=\"font-style:normal;font-weight:400\">The right story makes all the difference<\/h4>\n<\/div>\n\n\n\n<div class=\"wp-block-column is-layout-flow wp-block-column-is-layout-flow\"><\/div>\n<\/div>\n<\/section>\n\n\n\n<section class=\"wp-block-group alignfull is-layout-constrained wp-container-core-group-is-layout-2 wp-block-group-is-layout-constrained\" style=\"padding-right:var(--wp--preset--spacing--60);padding-left:var(--wp--preset--spacing--60)\">\n<div class=\"wp-block-blocks-loop alignwide is-layout-flow wp-block-loop-is-layout-flow\"><div class=\"wp-block-blocks-loop-templates is-layout-flow wp-block-loop-templates-is-layout-flow\"><div class=\"wp-block-post post-20929 post type-post status-publish format-standard has-post-thumbnail hentry category-arquitetura category-branding category-retail category-tendencias tag-retail-design\">\n\n<div class=\"wp-block-columns is-layout-flex wp-container-core-columns-is-layout-2 wp-block-columns-is-layout-flex\">\n<div class=\"wp-block-column is-layout-flow wp-block-column-is-layout-flow\"><figure style=\"margin-bottom:1em;\" class=\"wp-block-post-featured-image wp-duotone-unset-1\"><a href=\"https:\/\/enredo.com.br\/en\/do-digital-ao-tangivel-o-varejo-como-espaco-de-encontros\/\" target=\"_self\"  ><img loading=\"lazy\" decoding=\"async\" width=\"1920\" height=\"1080\" src=\"https:\/\/enredo.com.br\/wp-content\/uploads\/2025\/01\/NRF-PALCO.jpg\" class=\"attachment-post-thumbnail size-post-thumbnail wp-post-image\" alt=\"Do digital ao tang\u00edvel: O Varejo como espa\u00e7o de encontros\" style=\"object-fit:cover;\" srcset=\"https:\/\/enredo.com.br\/wp-content\/uploads\/2025\/01\/NRF-PALCO.jpg 1920w, https:\/\/enredo.com.br\/wp-content\/uploads\/2025\/01\/NRF-PALCO-300x169.jpg 300w, https:\/\/enredo.com.br\/wp-content\/uploads\/2025\/01\/NRF-PALCO-1024x576.jpg 1024w, https:\/\/enredo.com.br\/wp-content\/uploads\/2025\/01\/NRF-PALCO-768x432.jpg 768w, https:\/\/enredo.com.br\/wp-content\/uploads\/2025\/01\/NRF-PALCO-1536x864.jpg 1536w, https:\/\/enredo.com.br\/wp-content\/uploads\/2025\/01\/NRF-PALCO-18x10.jpg 18w\" sizes=\"auto, (max-width: 1920px) 100vw, 1920px\" \/><\/a><\/figure>\n\n<h3 style=\"font-style:normal;font-weight:400;\" class=\"wp-block-post-title\"><a href=\"https:\/\/enredo.com.br\/en\/do-digital-ao-tangivel-o-varejo-como-espaco-de-encontros\/\" target=\"_self\" >From digital to tangible: Retail as a meeting place<\/a><\/h3>\n\n<div style=\"padding-top:1em;padding-bottom:1em;\" class=\"wp-block-post-excerpt\"><p class=\"wp-block-post-excerpt__excerpt\">Gabriela Pavan, our Partner and Director of Experience and Retail Design, took part in the NRF 2025 event in New York and talks about the main trends in global retail. <\/p><\/div>\n\n<div class=\"taxonomy-category link-nao-clicavel wp-block-post-terms\"><a href=\"https:\/\/enredo.com.br\/en\/category\/arquitetura\/\" rel=\"tag\">Architecture<\/a><span class=\"wp-block-post-terms__separator\">, <\/span><a href=\"https:\/\/enredo.com.br\/en\/category\/branding\/\" rel=\"tag\">Branding<\/a><span class=\"wp-block-post-terms__separator\">, <\/span><a href=\"https:\/\/enredo.com.br\/en\/category\/retail\/\" rel=\"tag\">Retail<\/a><span class=\"wp-block-post-terms__separator\">, <\/span><a href=\"https:\/\/enredo.com.br\/en\/category\/tendencias\/\" rel=\"tag\">Trends<\/a><\/div><\/div>\n<\/div>\n\n<\/div><\/div><\/div>\n<\/section>\n\n\n\n<section class=\"wp-block-group alignfull is-layout-constrained wp-container-core-group-is-layout-4 wp-block-group-is-layout-constrained\" style=\"padding-top:7em;padding-right:var(--wp--preset--spacing--60);padding-bottom:7em;padding-left:var(--wp--preset--spacing--60)\">\n<div class=\"wp-block-blocks-loop alignwide is-layout-flow wp-block-loop-is-layout-flow\"><div class=\"is-flex-container columns-2 wp-block-blocks-loop-templates is-layout-flow wp-block-loop-templates-is-layout-flow\"><div class=\"wp-block-post post-21278 post type-post status-publish format-standard has-post-thumbnail hentry category-branding\">\n<figure style=\"aspect-ratio:16\/9; margin-bottom:1em;\" class=\"wp-block-post-featured-image wp-duotone-unset-2\"><a href=\"https:\/\/enredo.com.br\/en\/enredo-abre-inscricoes-para-o-programa-de-estagio-de-2025-2\/\" target=\"_self\"  ><img loading=\"lazy\" decoding=\"async\" width=\"2560\" height=\"1440\" src=\"https:\/\/enredo.com.br\/wp-content\/uploads\/2025\/08\/capa-programa-de-estagio-2025-scaled.jpg\" class=\"attachment-post-thumbnail size-post-thumbnail wp-post-image\" alt=\"Enredo abre inscri\u00e7\u00f5es para o Programa de Est\u00e1gio de 2025.2\" style=\"width:100%;height:100%;object-fit:cover;\" srcset=\"https:\/\/enredo.com.br\/wp-content\/uploads\/2025\/08\/capa-programa-de-estagio-2025-scaled.jpg 2560w, https:\/\/enredo.com.br\/wp-content\/uploads\/2025\/08\/capa-programa-de-estagio-2025-300x169.jpg 300w, https:\/\/enredo.com.br\/wp-content\/uploads\/2025\/08\/capa-programa-de-estagio-2025-1024x576.jpg 1024w, https:\/\/enredo.com.br\/wp-content\/uploads\/2025\/08\/capa-programa-de-estagio-2025-768x432.jpg 768w, https:\/\/enredo.com.br\/wp-content\/uploads\/2025\/08\/capa-programa-de-estagio-2025-1536x864.jpg 1536w, https:\/\/enredo.com.br\/wp-content\/uploads\/2025\/08\/capa-programa-de-estagio-2025-2048x1152.jpg 2048w, https:\/\/enredo.com.br\/wp-content\/uploads\/2025\/08\/capa-programa-de-estagio-2025-18x10.jpg 18w\" sizes=\"auto, (max-width: 2560px) 100vw, 2560px\" \/><\/a><\/figure>\n\n<h3 style=\"font-style:normal;font-weight:400;\" class=\"wp-block-post-title\"><a href=\"https:\/\/enredo.com.br\/en\/enredo-abre-inscricoes-para-o-programa-de-estagio-de-2025-2\/\" target=\"_self\" >Enredo abre inscri\u00e7\u00f5es para o Programa de Est\u00e1gio de 2025.2<\/a><\/h3>\n\n<div style=\"margin-top:1em;margin-bottom:1em;\" class=\"wp-block-post-excerpt\"><p class=\"wp-block-post-excerpt__excerpt\">Os estudantes selecionados v\u00e3o ingressar nas \u00e1reas de Estrat\u00e9gia, Design e Arquitetura. Al\u00e9m da bolsa est\u00e1gio e benef\u00edcios, o programa avalia o desempenho para efetiva\u00e7\u00e3o ao fim da experi\u00eancia. A&hellip; <\/p><\/div>\n\n<div class=\"taxonomy-category link-nao-clicavel wp-block-post-terms\"><a href=\"https:\/\/enredo.com.br\/en\/category\/branding\/\" rel=\"tag\">Branding<\/a><\/div>\n<\/div><div class=\"wp-block-post post-20929 post type-post status-publish format-standard has-post-thumbnail hentry category-arquitetura category-branding category-retail category-tendencias tag-retail-design\">\n<figure style=\"aspect-ratio:16\/9; margin-bottom:1em;\" class=\"wp-block-post-featured-image wp-duotone-unset-3\"><a href=\"https:\/\/enredo.com.br\/en\/do-digital-ao-tangivel-o-varejo-como-espaco-de-encontros\/\" target=\"_self\"  ><img loading=\"lazy\" decoding=\"async\" width=\"1920\" height=\"1080\" src=\"https:\/\/enredo.com.br\/wp-content\/uploads\/2025\/01\/NRF-PALCO.jpg\" class=\"attachment-post-thumbnail size-post-thumbnail wp-post-image\" alt=\"Do digital ao tang\u00edvel: O Varejo como espa\u00e7o de encontros\" style=\"width:100%;height:100%;object-fit:cover;\" srcset=\"https:\/\/enredo.com.br\/wp-content\/uploads\/2025\/01\/NRF-PALCO.jpg 1920w, https:\/\/enredo.com.br\/wp-content\/uploads\/2025\/01\/NRF-PALCO-300x169.jpg 300w, https:\/\/enredo.com.br\/wp-content\/uploads\/2025\/01\/NRF-PALCO-1024x576.jpg 1024w, https:\/\/enredo.com.br\/wp-content\/uploads\/2025\/01\/NRF-PALCO-768x432.jpg 768w, https:\/\/enredo.com.br\/wp-content\/uploads\/2025\/01\/NRF-PALCO-1536x864.jpg 1536w, https:\/\/enredo.com.br\/wp-content\/uploads\/2025\/01\/NRF-PALCO-18x10.jpg 18w\" sizes=\"auto, (max-width: 1920px) 100vw, 1920px\" \/><\/a><\/figure>\n\n<h3 style=\"font-style:normal;font-weight:400;\" class=\"wp-block-post-title\"><a href=\"https:\/\/enredo.com.br\/en\/do-digital-ao-tangivel-o-varejo-como-espaco-de-encontros\/\" target=\"_self\" >From digital to tangible: Retail as a meeting place<\/a><\/h3>\n\n<div style=\"margin-top:1em;margin-bottom:1em;\" class=\"wp-block-post-excerpt\"><p class=\"wp-block-post-excerpt__excerpt\">Gabriela Pavan, our Partner and Director of Experience and Retail Design, took part in the NRF 2025 event in New York and talks about the main trends in global retail. <\/p><\/div>\n\n<div class=\"taxonomy-category link-nao-clicavel wp-block-post-terms\"><a href=\"https:\/\/enredo.com.br\/en\/category\/arquitetura\/\" rel=\"tag\">Architecture<\/a><span class=\"wp-block-post-terms__separator\">, <\/span><a href=\"https:\/\/enredo.com.br\/en\/category\/branding\/\" rel=\"tag\">Branding<\/a><span class=\"wp-block-post-terms__separator\">, <\/span><a href=\"https:\/\/enredo.com.br\/en\/category\/retail\/\" rel=\"tag\">Retail<\/a><span class=\"wp-block-post-terms__separator\">, <\/span><a href=\"https:\/\/enredo.com.br\/en\/category\/tendencias\/\" rel=\"tag\">Trends<\/a><\/div>\n<\/div><div class=\"wp-block-post post-20579 post type-post status-publish format-standard has-post-thumbnail hentry category-branding category-blogcases\">\n<figure style=\"aspect-ratio:16\/9; margin-bottom:1em;\" class=\"wp-block-post-featured-image wp-duotone-unset-4\"><a href=\"https:\/\/enredo.com.br\/en\/muito-alem-do-retoque-um-reposicionamento-transformador\/\" target=\"_self\"  ><img loading=\"lazy\" decoding=\"async\" width=\"1920\" height=\"1080\" src=\"https:\/\/enredo.com.br\/wp-content\/uploads\/2025\/01\/Pintor.jpg\" class=\"attachment-post-thumbnail size-post-thumbnail wp-post-image\" alt=\"Muito al\u00e9m do retoque: um reposicionamento transformador.\" style=\"width:100%;height:100%;object-fit:cover;\" srcset=\"https:\/\/enredo.com.br\/wp-content\/uploads\/2025\/01\/Pintor.jpg 1920w, https:\/\/enredo.com.br\/wp-content\/uploads\/2025\/01\/Pintor-300x169.jpg 300w, https:\/\/enredo.com.br\/wp-content\/uploads\/2025\/01\/Pintor-1024x576.jpg 1024w, https:\/\/enredo.com.br\/wp-content\/uploads\/2025\/01\/Pintor-768x432.jpg 768w, https:\/\/enredo.com.br\/wp-content\/uploads\/2025\/01\/Pintor-1536x864.jpg 1536w, https:\/\/enredo.com.br\/wp-content\/uploads\/2025\/01\/Pintor-18x10.jpg 18w\" sizes=\"auto, (max-width: 1920px) 100vw, 1920px\" \/><\/a><\/figure>\n\n<h3 style=\"font-style:normal;font-weight:400;\" class=\"wp-block-post-title\"><a href=\"https:\/\/enredo.com.br\/en\/muito-alem-do-retoque-um-reposicionamento-transformador\/\" target=\"_self\" >Far beyond retouching: a transformative repositioning.<\/a><\/h3>\n\n<div style=\"margin-top:1em;margin-bottom:1em;\" class=\"wp-block-post-excerpt\"><p class=\"wp-block-post-excerpt__excerpt\">Over the course of almost 30 years, Luztol has built up a solid track record, offering a diversified portfolio of products on the regional and national markets. What began as a factory of... <\/p><\/div>\n\n<div class=\"taxonomy-category link-nao-clicavel wp-block-post-terms\"><a href=\"https:\/\/enredo.com.br\/en\/category\/branding\/\" rel=\"tag\">Branding<\/a><span class=\"wp-block-post-terms__separator\">, <\/span><a href=\"https:\/\/enredo.com.br\/en\/category\/blogcases\/\" rel=\"tag\">Cases<\/a><\/div>\n<\/div><div class=\"wp-block-post post-20078 post type-post status-publish format-standard has-post-thumbnail hentry category-premios\">\n<figure style=\"aspect-ratio:16\/9; margin-bottom:1em;\" class=\"wp-block-post-featured-image wp-duotone-unset-6\"><a href=\"https:\/\/enredo.com.br\/en\/fazendo-historia-enredo-marca-presenca-em-grandes-premiacoes\/\" target=\"_self\"  ><img loading=\"lazy\" decoding=\"async\" width=\"3688\" height=\"2459\" src=\"https:\/\/enredo.com.br\/wp-content\/uploads\/2024\/12\/Prancheta-1.png\" class=\"attachment-post-thumbnail size-post-thumbnail wp-post-image\" alt=\"Fazendo Hist\u00f3ria: Enredo marca presen\u00e7a em grandes premia\u00e7\u00f5es.\" style=\"width:100%;height:100%;object-fit:cover;\" srcset=\"https:\/\/enredo.com.br\/wp-content\/uploads\/2024\/12\/Prancheta-1.png 3688w, https:\/\/enredo.com.br\/wp-content\/uploads\/2024\/12\/Prancheta-1-300x200.png 300w, https:\/\/enredo.com.br\/wp-content\/uploads\/2024\/12\/Prancheta-1-1024x683.png 1024w, https:\/\/enredo.com.br\/wp-content\/uploads\/2024\/12\/Prancheta-1-768x512.png 768w, https:\/\/enredo.com.br\/wp-content\/uploads\/2024\/12\/Prancheta-1-1536x1024.png 1536w, https:\/\/enredo.com.br\/wp-content\/uploads\/2024\/12\/Prancheta-1-2048x1366.png 2048w, https:\/\/enredo.com.br\/wp-content\/uploads\/2024\/12\/Prancheta-1-18x12.png 18w\" sizes=\"auto, (max-width: 3688px) 100vw, 3688px\" \/><\/a><\/figure>\n\n<h3 style=\"font-style:normal;font-weight:400;\" class=\"wp-block-post-title\"><a href=\"https:\/\/enredo.com.br\/en\/fazendo-historia-enredo-marca-presenca-em-grandes-premiacoes\/\" target=\"_self\" >Making History: Enredo is present at major awards ceremonies.<\/a><\/h3>\n\n<div style=\"margin-top:1em;margin-bottom:1em;\" class=\"wp-block-post-excerpt\"><p class=\"wp-block-post-excerpt__excerpt\">Last month, we were featured in two more important awards in the communication, branding, design and retail segments. At the 14th Brazilian Design Awards, we received nominations in five categories. O... <\/p><\/div>\n\n<div class=\"taxonomy-category link-nao-clicavel wp-block-post-terms\"><a href=\"https:\/\/enredo.com.br\/en\/category\/premios\/\" rel=\"tag\">Awards<\/a><\/div>\n<\/div><div class=\"wp-block-post post-20100 post type-post status-publish format-standard has-post-thumbnail hentry category-eventos category-tendencias\">\n<figure style=\"aspect-ratio:16\/9; margin-bottom:1em;\" class=\"wp-block-post-featured-image wp-duotone-unset-7\"><a href=\"https:\/\/enredo.com.br\/en\/a-criatividade-nao-tem-fronteiras\/\" target=\"_self\"  ><img loading=\"lazy\" decoding=\"async\" width=\"885\" height=\"590\" src=\"https:\/\/enredo.com.br\/wp-content\/uploads\/2024\/12\/Prancheta-1-2.png\" class=\"attachment-post-thumbnail size-post-thumbnail wp-post-image\" alt=\"A criatividade n\u00e3o tem fronteiras\" style=\"width:100%;height:100%;object-fit:cover;\" srcset=\"https:\/\/enredo.com.br\/wp-content\/uploads\/2024\/12\/Prancheta-1-2.png 885w, https:\/\/enredo.com.br\/wp-content\/uploads\/2024\/12\/Prancheta-1-2-300x200.png 300w, https:\/\/enredo.com.br\/wp-content\/uploads\/2024\/12\/Prancheta-1-2-768x512.png 768w, https:\/\/enredo.com.br\/wp-content\/uploads\/2024\/12\/Prancheta-1-2-18x12.png 18w\" sizes=\"auto, (max-width: 885px) 100vw, 885px\" \/><\/a><\/figure>\n\n<h3 style=\"font-style:normal;font-weight:400;\" class=\"wp-block-post-title\"><a href=\"https:\/\/enredo.com.br\/en\/a-criatividade-nao-tem-fronteiras\/\" target=\"_self\" >Creativity has no boundaries<\/a><\/h3>\n\n<div style=\"margin-top:1em;margin-bottom:1em;\" class=\"wp-block-post-excerpt\"><p class=\"wp-block-post-excerpt__excerpt\">At Enredo, we believe that creativity is a universal force, capable of connecting ideas, people and purposes in a transformative way. This belief came to life when our CEO, Ciro Rocha, was... <\/p><\/div>\n\n<div class=\"taxonomy-category link-nao-clicavel wp-block-post-terms\"><a href=\"https:\/\/enredo.com.br\/en\/category\/eventos\/\" rel=\"tag\">Events<\/a><span class=\"wp-block-post-terms__separator\">, <\/span><a href=\"https:\/\/enredo.com.br\/en\/category\/tendencias\/\" rel=\"tag\">Trends<\/a><\/div>\n<\/div><div class=\"wp-block-post post-19228 post type-post status-publish format-standard has-post-thumbnail hentry category-branding\">\n<figure style=\"aspect-ratio:16\/9; margin-bottom:1em;\" class=\"wp-block-post-featured-image wp-duotone-unset-8\"><a href=\"https:\/\/enredo.com.br\/en\/enredo-reune-cerca-de-oitenta-empresarios-para-o-evento-futuroco-talks\/\" target=\"_self\"  ><img loading=\"lazy\" decoding=\"async\" width=\"1832\" height=\"1222\" src=\"https:\/\/enredo.com.br\/wp-content\/uploads\/2024\/05\/Imagem-21-05-2024-as-18.05.jpeg\" class=\"attachment-post-thumbnail size-post-thumbnail wp-post-image\" alt=\"Enredo re\u00fane cerca de oitenta empres\u00e1rios para o evento futuro:co talks\" style=\"width:100%;height:100%;object-fit:cover;\" srcset=\"https:\/\/enredo.com.br\/wp-content\/uploads\/2024\/05\/Imagem-21-05-2024-as-18.05.jpeg 1832w, https:\/\/enredo.com.br\/wp-content\/uploads\/2024\/05\/Imagem-21-05-2024-as-18.05-300x200.jpeg 300w, https:\/\/enredo.com.br\/wp-content\/uploads\/2024\/05\/Imagem-21-05-2024-as-18.05-1024x683.jpeg 1024w, https:\/\/enredo.com.br\/wp-content\/uploads\/2024\/05\/Imagem-21-05-2024-as-18.05-768x512.jpeg 768w, https:\/\/enredo.com.br\/wp-content\/uploads\/2024\/05\/Imagem-21-05-2024-as-18.05-1536x1025.jpeg 1536w, https:\/\/enredo.com.br\/wp-content\/uploads\/2024\/05\/Imagem-21-05-2024-as-18.05-18x12.jpeg 18w\" sizes=\"auto, (max-width: 1832px) 100vw, 1832px\" \/><\/a><\/figure>\n\n<h3 style=\"font-style:normal;font-weight:400;\" class=\"wp-block-post-title\"><a href=\"https:\/\/enredo.com.br\/en\/enredo-reune-cerca-de-oitenta-empresarios-para-o-evento-futuroco-talks\/\" target=\"_self\" >Enredo brings together around eighty entrepreneurs for the futuro:co talks event<\/a><\/h3>\n\n<div style=\"margin-top:1em;margin-bottom:1em;\" class=\"wp-block-post-excerpt\"><p class=\"wp-block-post-excerpt__excerpt\">Cinex hosted the latest edition of futuro:co. Staying true to our innovative spirit, we produced a new format: futuro:co talks. In an evening marked by insights and... <\/p><\/div>\n\n<div class=\"taxonomy-category link-nao-clicavel wp-block-post-terms\"><a href=\"https:\/\/enredo.com.br\/en\/category\/branding\/\" rel=\"tag\">Branding<\/a><\/div>\n<\/div><\/div><\/div>\n<\/section>\n\n\n\n<section class=\"wp-block-group alignfull has-branco-color has-text-color has-link-color wp-elements-d3bf4faa6c6c50b179e9f7e5557bc48a is-layout-constrained wp-container-core-group-is-layout-5 wp-block-group-is-layout-constrained\" style=\"margin-bottom:7em;padding-right:var(--wp--preset--spacing--60);padding-left:var(--wp--preset--spacing--60)\">\n<div class=\"wp-block-columns alignwide has-areia-5-background-color has-background is-layout-flex wp-container-core-columns-is-layout-4 wp-block-columns-is-layout-flex\" style=\"padding-top:3em;padding-right:3em;padding-bottom:3em;padding-left:3em\">\n<div class=\"wp-block-column is-layout-flow wp-block-column-is-layout-flow\">\n<div class=\"wp-block-columns alignwide are-vertically-aligned-top is-layout-flex wp-container-core-columns-is-layout-3 wp-block-columns-is-layout-flex\" style=\"margin-bottom:2em\">\n<div class=\"wp-block-column is-vertically-aligned-top is-layout-flow wp-block-column-is-layout-flow\">\n<h2 class=\"wp-block-heading line\" style=\"margin-top:0px;margin-right:0px;margin-bottom:0px;margin-left:0px;font-style:normal;font-weight:300\">Understand how <strong>we transform your business.<\/strong><\/h2>\n<\/div>\n\n\n\n<div class=\"wp-block-column is-vertically-aligned-top is-layout-flow wp-block-column-is-layout-flow\" style=\"padding-top:var(--wp--preset--spacing--60);padding-right:var(--wp--preset--spacing--60);padding-bottom:var(--wp--preset--spacing--60);padding-left:var(--wp--preset--spacing--60)\"><\/div>\n<\/div>\n\n\n\n<div style=\"pointer-events:auto\" class=\"wp-block-blocks-buttons alignwide has-areia-4-color has-text-color has-link-color wp-elements-ca068f5b273208197e85904deed1d22c\"><div class=\"block_shaft\"><a class=\"link block_shaft is-layout-flow wp-block-buttons-is-layout-flow\" href=\"\/en\/sobre\/\" target=\"_self\" rel=\"noopener noreferrer\">\n<p class=\"has-branco-color has-text-color has-link-color wp-elements-8165713221cb44f4b104787ccc38c99d\" style=\"letter-spacing:0.3em;text-transform:uppercase\">LEARN MORE<\/p>\n<div class=\"shaft\"><div class=\"line\"><\/div><div class=\"arrow\"><\/div><\/div><\/a><\/div><\/div>\n<\/div>\n<\/div>\n<\/section>","protected":false},"excerpt":{"rendered":"<p>Insights &amp; etc A hist\u00f3ria certa faz toda a diferen\u00e7a Entenda como transformamos o seu neg\u00f3cio.<\/p>","protected":false},"author":225,"featured_media":0,"parent":0,"menu_order":0,"comment_status":"closed","ping_status":"closed","template":"","meta":{"_acf_changed":false,"footnotes":""},"class_list":["post-8477","page","type-page","status-publish","hentry"],"acf":[],"_links":{"self":[{"href":"https:\/\/enredo.com.br\/en\/wp-json\/wp\/v2\/pages\/8477","targetHints":{"allow":["GET"]}}],"collection":[{"href":"https:\/\/enredo.com.br\/en\/wp-json\/wp\/v2\/pages"}],"about":[{"href":"https:\/\/enredo.com.br\/en\/wp-json\/wp\/v2\/types\/page"}],"author":[{"embeddable":true,"href":"https:\/\/enredo.com.br\/en\/wp-json\/wp\/v2\/users\/225"}],"replies":[{"embeddable":true,"href":"https:\/\/enredo.com.br\/en\/wp-json\/wp\/v2\/comments?post=8477"}],"version-history":[{"count":19,"href":"https:\/\/enredo.com.br\/en\/wp-json\/wp\/v2\/pages\/8477\/revisions"}],"predecessor-version":[{"id":21027,"href":"https:\/\/enredo.com.br\/en\/wp-json\/wp\/v2\/pages\/8477\/revisions\/21027"}],"wp:attachment":[{"href":"https:\/\/enredo.com.br\/en\/wp-json\/wp\/v2\/media?parent=8477"}],"curies":[{"name":"wp","href":"https:\/\/api.w.org\/{rel}","templated":true}]}}